{"id":798,"date":"2026-03-13T23:11:36","date_gmt":"2026-03-13T22:11:36","guid":{"rendered":"https:\/\/splotfest.pl\/?page_id=798"},"modified":"2026-03-13T23:16:46","modified_gmt":"2026-03-13T22:16:46","slug":"jury-2-edycji-ogolnopolskiego-konkursu-dziewiarskiego","status":"publish","type":"page","link":"https:\/\/splotfest.pl\/?page_id=798","title":{"rendered":"Jury 2 edycji Og\u00f3lnopolskiego Konkursu Dziewiarskiego"},"content":{"rendered":"\n<div class=\"wp-block-group alignfull has-base-2-background-color has-background has-global-padding is-layout-constrained wp-container-core-group-is-layout-669513ed wp-block-group-is-layout-constrained\" style=\"margin-top:0;margin-bottom:0;padding-top:var(--wp--preset--spacing--50);padding-right:var(--wp--preset--spacing--50);padding-bottom:var(--wp--preset--spacing--50);padding-left:var(--wp--preset--spacing--50)\">\n<div class=\"wp-block-group alignfull has-base-2-background-color has-background has-global-padding is-layout-constrained wp-container-core-group-is-layout-669513ed wp-block-group-is-layout-constrained\" style=\"margin-top:0;margin-bottom:0;padding-top:var(--wp--preset--spacing--50);padding-right:var(--wp--preset--spacing--50);padding-bottom:var(--wp--preset--spacing--50);padding-left:var(--wp--preset--spacing--50)\">\n<div style=\"margin-top:0;margin-bottom:0;height:var(--wp--preset--spacing--40)\" aria-hidden=\"true\" class=\"wp-block-spacer\"><\/div>\n\n\n\n<div class=\"wp-block-columns alignwide is-layout-flex wp-container-core-columns-is-layout-d0bbbce0 wp-block-columns-is-layout-flex\">\n<div class=\"wp-block-column is-layout-flow wp-container-core-column-is-layout-e3d1c41b wp-block-column-is-layout-flow\">\n<h3 class=\"wp-block-heading has-text-align-left is-style-asterisk has-body-font-family has-medium-font-size\" style=\"font-style:normal;font-weight:600\"><strong><a href=\"https:\/\/www.wisla.net.pl\/atrakcje\/muzeum-beskidzkie\">Agnieszka Macoszek<\/a><\/strong>&nbsp;<\/h3>\n\n\n\n<p class=\"has-text-align-left\">Etonolo\u017cka i organizatorka etnograficznych wystaw muzealnych.<\/p>\n\n\n\n<p>Nasza jurorka prowadzi warsztaty z filcowania na mokro, filcowania na sucho, robienia g\u00f3ralskich kopyc i nogawiczek oraz prowadzi pokazy obr\u00f3bki we\u0142ny. Stara si\u0119 zawsze dotrze\u0107 do praktycznego warsztatu tw\u00f3rcy, pozna\u0107 go i nauczy\u0107 si\u0119. Fascynuje j\u0105 prostota technik ludowego rzemios\u0142a, a zarazem skomplikowany i misterny efekt pracy.<\/p>\n<\/div>\n\n\n\n<div class=\"wp-block-column is-layout-flow wp-container-core-column-is-layout-e3d1c41b wp-block-column-is-layout-flow\">\n<h3 class=\"wp-block-heading has-text-align-left is-style-asterisk has-body-font-family has-medium-font-size\" style=\"font-style:normal;font-weight:600\"><strong><a href=\"https:\/\/koronkakoniakow.pl\/\">Mariola Wojtas<\/a><\/strong><\/h3>\n\n\n\n<p class=\"has-text-align-left\">Mistrzyni heklowania z najcie\u0144szych, bawe\u0142nianych oraz jedwabnych nici.Wielokrotna laureatka Konkursu na Naj\u0142adniejsz\u0105 Koronk\u0119 Koniakowsk\u0105. Jej koronki wykonywane s\u0105 z najcie\u0144szych, bawe\u0142nianych oraz jedwabnych nici, kt\u00f3rymi pos\u0142uguj\u0105 si\u0119 tylko mistrzynie. Sama komponuje wzory z zachowaniem koniakowskiej tradycji koronczarskiej. Od 2012 roku posiada tytu\u0142 Tw\u00f3rcy Ludowego.<\/p>\n\n\n\n<p class=\"has-text-align-left\">Jako artystka, poszukuj\u0105ca nowych wyzwa\u0144, nie ogranicza si\u0119 jednak tylko do serwetek, koronk\u0105 koniakowsk\u0105 robi r\u00f3wnie\u017c aba\u017cury, ozdoby \u015bwi\u0105teczne, parawany i bi\u017cuteri\u0119. Ka\u017cda jej praca jest oryginalna, jedyna i niepowtarzalna, a cieniutkie i misternie wykonane koronki koniakowskie Pani Marioli, to dzie\u0142a sztuki.<\/p>\n<\/div>\n\n\n\n<div class=\"wp-block-column is-layout-flow wp-container-core-column-is-layout-e3d1c41b wp-block-column-is-layout-flow\">\n<h3 class=\"wp-block-heading has-text-align-left is-style-asterisk has-body-font-family has-medium-font-size\" style=\"font-style:normal;font-weight:600\"><strong><a href=\"https:\/\/koronkakoniakow.pl\/\"><strong><\/strong><\/a><strong><a href=\"https:\/\/julitkowesprawki.pl\/\">Julita Janicka<\/a><\/strong><\/strong><\/h3>\n\n\n\n<p class=\"has-text-align-left\">Projektantka wzor\u00f3w szyde\u0142kowych, autorka Julitkowych Sprawek i prawdziwa pasjonatk\u0119 dziewiarstwa. Jej prace to po\u0142\u0105czenie emocji, precyzji i wyobra\u017ani, a szyde\u0142ko sta\u0142o si\u0119 dla niej narz\u0119dziem artystycznego wyrazu i \u017cyciowej harmonii.<\/p>\n<\/div>\n\n\n\n<div class=\"wp-block-column is-layout-flow wp-container-core-column-is-layout-e3d1c41b wp-block-column-is-layout-flow\">\n<h3 class=\"wp-block-heading has-text-align-left is-style-asterisk has-body-font-family has-medium-font-size\" style=\"font-style:normal;font-weight:600\"><strong><a href=\"https:\/\/koronkakoniakow.pl\/\"><strong><\/strong><\/a><strong><a href=\"https:\/\/julitkowesprawki.pl\/\"><strong><\/strong><\/a><strong><a href=\"https:\/\/magdaisznurek.pl\/\">Magda Rysi\u0144ska<\/a><\/strong>&nbsp;<\/strong><\/strong><\/h3>\n\n\n\n<p class=\"has-text-align-left\">Znana z popularnego kana\u0142u YouTube \u201eMagda i sznurek\u201d z ponad 5,6 mln wy\u015bwietle\u0144 i 47,7 tysi\u0105cami subskrybent\u00f3w, od 2015 roku dzieli si\u0119 swoj\u0105 pasj\u0105 do dziergania, inspiruj\u0105c tysi\u0105ce os\u00f3b. Jest tak\u017ce organizatork\u0105 spotka\u0144 dziewiarskich \u201eR\u0119kodzielnicze Sploty Stolicy\u201d i aktywnie dzia\u0142a w spo\u0142eczno\u015bci r\u0119kodzielniczej Warszawy.<\/p>\n<\/div>\n\n\n\n<div class=\"wp-block-column is-layout-flow wp-container-core-column-is-layout-e3d1c41b wp-block-column-is-layout-flow\">\n<h3 class=\"wp-block-heading has-text-align-left is-style-asterisk has-body-font-family has-medium-font-size\" style=\"font-style:normal;font-weight:600\"><strong><a href=\"https:\/\/koronkakoniakow.pl\/\"><\/a><strong><a href=\"https:\/\/julitkowesprawki.pl\/\"><\/a><strong><a href=\"hhttps:\/\/www.facebook.com\/groups\/510273741945789\/user\/100072152268968\"><strong>Beata Stelmach<\/strong><\/a><\/strong><\/strong><\/strong><\/h3>\n\n\n\n<p class=\"has-text-align-left\">Pasjonatka frywolitki, szyde\u0142ka i drut\u00f3w, autorka strony \u201eBeata Stelmach Szyde\u0142kowe Inspiracje\u201d. Jej up\u00f3r, cierpliwo\u015b\u0107 i dok\u0142adno\u015b\u0107 pomog\u0142y jej opanowa\u0107 z\u0142o\u017con\u0105 technik\u0119 frywolitkow\u0105, kt\u00f3r\u0105 dzi\u015b z pasj\u0105 rozwija i promuje.<\/p>\n<\/div>\n<\/div>\n\n\n\n<div style=\"height:var(--wp--preset--spacing--20)\" aria-hidden=\"true\" class=\"wp-block-spacer\"><\/div>\n\n\n\n<div class=\"wp-block-columns alignwide is-layout-flex wp-container-core-columns-is-layout-d0bbbce0 wp-block-columns-is-layout-flex\">\n<div class=\"wp-block-column is-layout-flow wp-container-core-column-is-layout-e3d1c41b wp-block-column-is-layout-flow\">\n<h3 class=\"wp-block-heading has-text-align-left is-style-asterisk has-body-font-family has-medium-font-size\" style=\"font-style:normal;font-weight:600\"><strong><a href=\"https:\/\/www.facebook.com\/groups\/319621977110122\/user\/100064030027541\">Ewelina Wieczorek<\/a><\/strong><\/h3>\n\n\n\n<p class=\"has-text-align-left\">Znana pod nazw\u0105&nbsp;<a href=\"https:\/\/www.facebook.com\/groups\/319621977110122\/user\/100064030027541\/?__cft__[0]=AZVfzpImU9r-lVV-jC8Q9SVKqqvNQetnd0XnaP_JUVHYg3_ylUgGmg54xgJ6SsrQDkhSRqbMLykOWerymo2guAy8u_m-BxTmP2d_oqrQcyN9kPZ03pIxHyCP5yFMMrYwsIdOa-9hpPzlsAL3W5Mu2GU9Z6CXwEfM195YrhOFo5xZTxCBLqleeTHWzNhunPaDl9h6EfgiDROFYTJCWBMwzwhE&amp;__tn__=-]K-R\">Cherry Tree Workshop<\/a>, opr\u00f3cz tworzenia wzor\u00f3w szyde\u0142kowych, g\u0142\u00f3wnie Amigurumi, zajmuje si\u0119 r\u00f3wnie\u017c organizacj\u0105 kurs\u00f3w dziergania.<\/p>\n<\/div>\n\n\n\n<div class=\"wp-block-column is-layout-flow wp-container-core-column-is-layout-e3d1c41b wp-block-column-is-layout-flow\">\n<h3 class=\"wp-block-heading has-text-align-left is-style-asterisk has-body-font-family has-medium-font-size\" style=\"font-style:normal;font-weight:600\"><strong><a href=\"https:\/\/szydelkarnia.pl\/\">Aleksandra Siudowska<\/a><\/strong>&nbsp;<\/h3>\n\n\n\n<p class=\"has-text-align-left\">Influencerka, tworzy g\u0142\u00f3wnie amigurumi i dzieli si\u0119 t\u0105 wiedz\u0105 podczas warsztat\u00f3w, przeprowadzanych w Poznaniu, Bydgoszczy, Gda\u0144sku, Gdyni, Warszawie i Katowicach.<\/p>\n\n\n\n<p class=\"has-text-align-left\">Nasza jurorka prowadzi r\u00f3wnie\u017c kana\u0142 na YouTube, na kt\u00f3rym krok po kroku uczy szyde\u0142kowa\u0107, inspiruje i motywuje.<\/p>\n<\/div>\n\n\n\n<div class=\"wp-block-column is-layout-flow wp-container-core-column-is-layout-e3d1c41b wp-block-column-is-layout-flow\">\n<h3 class=\"wp-block-heading has-text-align-left is-style-asterisk has-body-font-family has-medium-font-size\" style=\"font-style:normal;font-weight:600\"><strong><a href=\"https:\/\/majapilarek.pl\/\"><strong><\/strong><\/a><strong><a href=\"https:\/\/dagnazielinska.pl\/\">Dagna Zieli\u0144ska<\/a><\/strong>&nbsp;<\/strong><\/h3>\n\n\n\n<p class=\"has-text-align-left\">Dziewiarka pe\u0142na pasji, tw\u00f3rczyni popularnego kana\u0142u YouTube i organizatorka Yarn Fest Wroc\u0142aw. Od lat uczy, inspiruje i udowadnia, \u017ce talent to kwestia praktyki, a druty potrafi\u0105 wci\u0105gn\u0105\u0107 na ca\u0142ego!<\/p>\n<\/div>\n\n\n\n<div class=\"wp-block-column is-layout-flow wp-container-core-column-is-layout-e3d1c41b wp-block-column-is-layout-flow\">\n<h3 class=\"wp-block-heading has-text-align-left is-style-asterisk has-body-font-family has-medium-font-size\" style=\"font-style:normal;font-weight:600\"><strong><a href=\"https:\/\/majapilarek.pl\/\"><\/a><strong><strong><a href=\"https:\/\/www.facebook.com\/groups\/319621977110122\/user\/100000657377982\">Ma\u0142gorzata Sk\u0142adzie\u0144-Sikorska<\/a><\/strong><\/strong><\/strong><\/h3>\n\n\n\n<p class=\"has-text-align-left\">Prawdziwa&nbsp;<em>czarodziejka technik<\/em>&nbsp;\u2013 frywolitka, koronka klockowa, koniakowska, druty, haft, filc, teneryfki, a nawet lutowanie! Jej pasja do dzielenia si\u0119 wiedz\u0105 od lat przejawia si\u0119 w regularnych spotkaniach z koronk\u0105 klockow\u0105, na kt\u00f3re zaprasza ka\u017cdego, zar\u00f3wno bywalczynie, jak i \u201epowracaj\u0105ce komety\u201d. Zbieraczka technik, edukatorka z sercem i artystka z dusz\u0105.<\/p>\n<\/div>\n\n\n\n<div class=\"wp-block-column is-layout-flow wp-container-core-column-is-layout-e3d1c41b wp-block-column-is-layout-flow\">\n<h3 class=\"wp-block-heading has-text-align-left is-style-asterisk has-body-font-family has-medium-font-size\" style=\"font-style:normal;font-weight:600\"><strong><a href=\"https:\/\/majapilarek.pl\/\"><\/a><strong><strong><a href=\"https:\/\/www.facebook.com\/groups\/319621977110122\/user\/100000657377982\"><strong><a href=\"https:\/\/www.instagram.com\/kamaswierad\/\">Kamila \u015awierad<\/a><\/strong><\/a><\/strong><\/strong><\/strong><\/h3>\n\n\n\n<p class=\"has-text-align-left\">Artystka wizualna i organizatorka wystaw w Galerii Sztuki Pa\u0142acu Kultury Zag\u0142\u0119bia, absolwentka Uniwersytetu \u015al\u0105skiego. Jej prace, balansuj\u0105ce mi\u0119dzy grafik\u0105, haftem i tkanin\u0105, eksploruj\u0105 cielesno\u015b\u0107 i dotyk, zach\u0119caj\u0105c do bliskiego, zmys\u0142owego odbioru.<\/p>\n<\/div>\n\n\n\n<div class=\"wp-block-column is-layout-flow wp-container-core-column-is-layout-e3d1c41b wp-block-column-is-layout-flow\">\n<h3 class=\"wp-block-heading has-text-align-left is-style-asterisk has-body-font-family has-medium-font-size\" style=\"font-style:normal;font-weight:600\"><strong><a href=\"https:\/\/majapilarek.pl\/\"><\/a><strong><strong><a href=\"https:\/\/www.facebook.com\/groups\/319621977110122\/user\/100000657377982\"><strong><a href=\"https:\/\/www.instagram.com\/kamaswierad\/\"><a href=\"https:\/\/www.facebook.com\/haftowalaiglaznitka\/\"><strong>Lena Nowak<\/strong> <\/a><\/a><\/strong><\/a><\/strong><\/strong><\/strong><\/h3>\n\n\n\n<p class=\"has-text-align-left\">Hafciarka i flecistka, kt\u00f3ra od ponad dekady tworzy unikatowe zak\u0142adki i bi\u017cuteri\u0119 pod mark\u0105 \u201eHaftowa\u0142a Ig\u0142a z Nitk\u0105\u201d. Jej prace, inspirowane natur\u0105, \u015bwiat\u0142em i muzyk\u0105, powstaj\u0105 bez schemat\u00f3w, z potrzeby tw\u00f3rczej wolno\u015bci i niepowtarzalno\u015bci.<\/p>\n<\/div>\n<\/div>\n<\/div>\n\n\n\n<figure class=\"wp-block-image size-large\"><img loading=\"lazy\" decoding=\"async\" width=\"1024\" height=\"682\" src=\"https:\/\/splotfest.pl\/wp-content\/uploads\/2026\/03\/Splotfest-633-of-900-1024x682.jpg\" alt=\"\" class=\"wp-image-801\" srcset=\"https:\/\/splotfest.pl\/wp-content\/uploads\/2026\/03\/Splotfest-633-of-900-1024x682.jpg 1024w, https:\/\/splotfest.pl\/wp-content\/uploads\/2026\/03\/Splotfest-633-of-900-300x200.jpg 300w, https:\/\/splotfest.pl\/wp-content\/uploads\/2026\/03\/Splotfest-633-of-900-768x512.jpg 768w, https:\/\/splotfest.pl\/wp-content\/uploads\/2026\/03\/Splotfest-633-of-900-1536x1024.jpg 1536w, https:\/\/splotfest.pl\/wp-content\/uploads\/2026\/03\/Splotfest-633-of-900.jpg 2000w\" sizes=\"auto, (max-width: 1024px) 100vw, 1024px\" \/><\/figure>\n<\/div>\n","protected":false},"excerpt":{"rendered":"<p>Agnieszka Macoszek&nbsp; Etonolo\u017cka i organizatorka etnograficznych wystaw muzealnych. Nasza jurorka prowadzi warsztaty z filcowania na mokro, filcowania na sucho, robienia g\u00f3ralskich kopyc i nogawiczek oraz prowadzi pokazy obr\u00f3bki we\u0142ny. Stara si\u0119 zawsze dotrze\u0107 do praktycznego warsztatu tw\u00f3rcy, pozna\u0107 go i nauczy\u0107 si\u0119. Fascynuje j\u0105 prostota technik ludowego rzemios\u0142a, a zarazem skomplikowany i misterny efekt pracy. [&hellip;]<\/p>\n","protected":false},"author":1,"featured_media":0,"parent":0,"menu_order":0,"comment_status":"closed","ping_status":"closed","template":"","meta":{"footnotes":""},"class_list":["post-798","page","type-page","status-publish","hentry"],"_links":{"self":[{"href":"https:\/\/splotfest.pl\/index.php?rest_route=\/wp\/v2\/pages\/798","targetHints":{"allow":["GET"]}}],"collection":[{"href":"https:\/\/splotfest.pl\/index.php?rest_route=\/wp\/v2\/pages"}],"about":[{"href":"https:\/\/splotfest.pl\/index.php?rest_route=\/wp\/v2\/types\/page"}],"author":[{"embeddable":true,"href":"https:\/\/splotfest.pl\/index.php?rest_route=\/wp\/v2\/users\/1"}],"replies":[{"embeddable":true,"href":"https:\/\/splotfest.pl\/index.php?rest_route=%2Fwp%2Fv2%2Fcomments&post=798"}],"version-history":[{"count":3,"href":"https:\/\/splotfest.pl\/index.php?rest_route=\/wp\/v2\/pages\/798\/revisions"}],"predecessor-version":[{"id":802,"href":"https:\/\/splotfest.pl\/index.php?rest_route=\/wp\/v2\/pages\/798\/revisions\/802"}],"wp:attachment":[{"href":"https:\/\/splotfest.pl\/index.php?rest_route=%2Fwp%2Fv2%2Fmedia&parent=798"}],"curies":[{"name":"wp","href":"https:\/\/api.w.org\/{rel}","templated":true}]}}