{"id":504,"date":"2026-03-13T17:27:19","date_gmt":"2026-03-13T16:27:19","guid":{"rendered":"https:\/\/splotfest.pl\/?page_id=504"},"modified":"2026-04-07T18:14:03","modified_gmt":"2026-04-07T16:14:03","slug":"strefa-malucha","status":"publish","type":"page","link":"https:\/\/splotfest.pl\/?page_id=504","title":{"rendered":"Strefa Malucha"},"content":{"rendered":"\n<figure class=\"wp-block-image size-full\"><img loading=\"lazy\" decoding=\"async\" width=\"940\" height=\"788\" src=\"https:\/\/splotfest.pl\/wp-content\/uploads\/2026\/03\/Kopia-\u2013-Moracraft_20260314_104015_0000.png\" alt=\"\" class=\"wp-image-846\" srcset=\"https:\/\/splotfest.pl\/wp-content\/uploads\/2026\/03\/Kopia-\u2013-Moracraft_20260314_104015_0000.png 940w, https:\/\/splotfest.pl\/wp-content\/uploads\/2026\/03\/Kopia-\u2013-Moracraft_20260314_104015_0000-300x251.png 300w, https:\/\/splotfest.pl\/wp-content\/uploads\/2026\/03\/Kopia-\u2013-Moracraft_20260314_104015_0000-768x644.png 768w\" sizes=\"auto, (max-width: 940px) 100vw, 940px\" \/><\/figure>\n\n\n\n<p>Podczas Splotfest dzieci nie b\u0119d\u0105 si\u0119 nudzi\u0107!<\/p>\n\n\n\n<p>Zadbaj\u0105 o to <strong>animatorzy z <a href=\"https:\/\/kreo.edu.pl\/\" data-type=\"link\" data-id=\"https:\/\/kreo.edu.pl\/\" target=\"_blank\" rel=\"noreferrer noopener\">Kreo przestrze\u0144 dla edukacji<\/a><\/strong>, kt\u00f3rzy od 12 lat prowadz\u0105 w D\u0105browie G\u00f3rniczej:<\/p>\n\n\n\n<ul class=\"wp-block-list\">\n<li>regularne zaj\u0119cia edukacyjne<\/li>\n<\/ul>\n\n\n\n<ul class=\"wp-block-list\">\n<li>kreatywne spotkania warsztatowe dla dzieci i doros\u0142ych<\/li>\n<\/ul>\n\n\n\n<ul class=\"wp-block-list\">\n<li>wydarzenia animacyjne i przyj\u0119cia urodzinowe<\/li>\n<\/ul>\n\n\n\n<ul class=\"wp-block-list\">\n<li>wycieczki oraz aktywne kolonie i p\u00f3\u0142kolonie<\/li>\n<\/ul>\n\n\n\n<p><strong>K\u0105cik dla naszych najm\u0142odszych uczestnik\u00f3w<\/strong> b\u0119dzie otwarty w godzinach <strong>10:00-16:30.<\/strong><\/p>\n\n\n\n<p>B\u0119dzie kolorowo i kreatywnie.<\/p>\n\n\n\n<p>Wst\u0119p wolny! <\/p>\n\n\n\n<p><\/p>\n\n\n\n<p><strong>Strefa Malucha &#8211; wa\u017cne informacje<\/strong><\/p>\n\n\n\n<ul class=\"wp-block-list\">\n<li>Dzieci mog\u0105 przebywa\u0107 w strefie wy\u0142\u0105cznie pod sta\u0142\u0105 opiek\u0105 osoby doros\u0142ej.<\/li>\n<\/ul>\n\n\n\n<ul class=\"wp-block-list\">\n<li>Prosimy nie pozostawia\u0107 dzieci bez opieki.<\/li>\n<\/ul>\n\n\n\n<ul class=\"wp-block-list\">\n<li>Animatorzy prowadz\u0105 zaj\u0119cia i wspieraj\u0105 zabaw\u0119, jednak nie sprawuj\u0105 opieki nad dzie\u0107mi.<\/li>\n<\/ul>\n\n\n\n<ul class=\"wp-block-list\">\n<li>Za bezpiecze\u0144stwo dziecka odpowiada rodzic lub opiekun prawny.<\/li>\n<\/ul>\n\n\n\n<p>Dzi\u0119kujemy za zrozumienie.<\/p>\n\n\n\n<p><\/p>\n\n\n\n<p>Wydarzenie powstaje we wsp\u00f3\u0142pracy z<strong> <a href=\"https:\/\/www.facebook.com\/PalacKulturyZaglebia?__cft__[0]=AZbwzcBUZYHCkhqbUDf3EoZhG5rZx9q2xaNccBMIG42ZtZY5_56Jjyfhx9Oco4eGu56AtNlrOaBdmJZoz7CP_TJZkWDfEeMgS6OYynYF9vgMnYvQvYdFGHgV7MX4XrRub5xbfGt24cZ9zXbDE2GLf4YVLKH5hShCE7b0vu2caUmb1_D-aMbh9z2qJTPk03XW5wJT91nT13omaZ4nAnYIQBt2&amp;__tn__=-]K-R\">Pa\u0142ac Kultury Zag\u0142\u0119bia<\/a><\/strong> oraz jest wsp\u00f3\u0142finansowane przez <a href=\"https:\/\/www.facebook.com\/MiastoDabrowaGornicza?__cft__[0]=AZbwzcBUZYHCkhqbUDf3EoZhG5rZx9q2xaNccBMIG42ZtZY5_56Jjyfhx9Oco4eGu56AtNlrOaBdmJZoz7CP_TJZkWDfEeMgS6OYynYF9vgMnYvQvYdFGHgV7MX4XrRub5xbfGt24cZ9zXbDE2GLf4YVLKH5hShCE7b0vu2caUmb1_D-aMbh9z2qJTPk03XW5wJT91nT13omaZ4nAnYIQBt2&amp;__tn__=-]K-R\"><strong>Miasto D\u0105browa G\u00f3rnicza<\/strong><\/a><\/p>\n","protected":false},"excerpt":{"rendered":"<p>Podczas Splotfest dzieci nie b\u0119d\u0105 si\u0119 nudzi\u0107! Zadbaj\u0105 o to animatorzy z Kreo przestrze\u0144 dla edukacji, kt\u00f3rzy od 12 lat prowadz\u0105 w D\u0105browie G\u00f3rniczej: K\u0105cik dla naszych najm\u0142odszych uczestnik\u00f3w b\u0119dzie otwarty w godzinach 10:00-16:30. B\u0119dzie kolorowo i kreatywnie. Wst\u0119p wolny! Strefa Malucha &#8211; wa\u017cne informacje Dzi\u0119kujemy za zrozumienie. Wydarzenie powstaje we wsp\u00f3\u0142pracy z Pa\u0142ac Kultury [&hellip;]<\/p>\n","protected":false},"author":1,"featured_media":0,"parent":0,"menu_order":0,"comment_status":"closed","ping_status":"closed","template":"","meta":{"footnotes":""},"class_list":["post-504","page","type-page","status-publish","hentry"],"_links":{"self":[{"href":"https:\/\/splotfest.pl\/index.php?rest_route=\/wp\/v2\/pages\/504","targetHints":{"allow":["GET"]}}],"collection":[{"href":"https:\/\/splotfest.pl\/index.php?rest_route=\/wp\/v2\/pages"}],"about":[{"href":"https:\/\/splotfest.pl\/index.php?rest_route=\/wp\/v2\/types\/page"}],"author":[{"embeddable":true,"href":"https:\/\/splotfest.pl\/index.php?rest_route=\/wp\/v2\/users\/1"}],"replies":[{"embeddable":true,"href":"https:\/\/splotfest.pl\/index.php?rest_route=%2Fwp%2Fv2%2Fcomments&post=504"}],"version-history":[{"count":8,"href":"https:\/\/splotfest.pl\/index.php?rest_route=\/wp\/v2\/pages\/504\/revisions"}],"predecessor-version":[{"id":946,"href":"https:\/\/splotfest.pl\/index.php?rest_route=\/wp\/v2\/pages\/504\/revisions\/946"}],"wp:attachment":[{"href":"https:\/\/splotfest.pl\/index.php?rest_route=%2Fwp%2Fv2%2Fmedia&parent=504"}],"curies":[{"name":"wp","href":"https:\/\/api.w.org\/{rel}","templated":true}]}}