{"id":498,"date":"2026-03-13T17:19:33","date_gmt":"2026-03-13T16:19:33","guid":{"rendered":"https:\/\/splotfest.pl\/?page_id=498"},"modified":"2026-04-07T18:10:56","modified_gmt":"2026-04-07T16:10:56","slug":"warsztaty-otwarte","status":"publish","type":"page","link":"https:\/\/splotfest.pl\/?page_id=498","title":{"rendered":"Warsztaty otwarte"},"content":{"rendered":"\n<figure class=\"wp-block-image size-large\"><img loading=\"lazy\" decoding=\"async\" width=\"819\" height=\"1024\" src=\"https:\/\/splotfest.pl\/wp-content\/uploads\/2026\/04\/Kopia-\u2013-Kopia-\u2013-Kopia-\u2013-Kopia-\u2013-Kopia-\u2013-Po-prostu-zyje-swoim-najlepszym-zyc_20260325_114403_0000-819x1024.png\" alt=\"\" class=\"wp-image-941\" srcset=\"https:\/\/splotfest.pl\/wp-content\/uploads\/2026\/04\/Kopia-\u2013-Kopia-\u2013-Kopia-\u2013-Kopia-\u2013-Kopia-\u2013-Po-prostu-zyje-swoim-najlepszym-zyc_20260325_114403_0000-819x1024.png 819w, https:\/\/splotfest.pl\/wp-content\/uploads\/2026\/04\/Kopia-\u2013-Kopia-\u2013-Kopia-\u2013-Kopia-\u2013-Kopia-\u2013-Po-prostu-zyje-swoim-najlepszym-zyc_20260325_114403_0000-240x300.png 240w, https:\/\/splotfest.pl\/wp-content\/uploads\/2026\/04\/Kopia-\u2013-Kopia-\u2013-Kopia-\u2013-Kopia-\u2013-Kopia-\u2013-Po-prostu-zyje-swoim-najlepszym-zyc_20260325_114403_0000-768x960.png 768w, https:\/\/splotfest.pl\/wp-content\/uploads\/2026\/04\/Kopia-\u2013-Kopia-\u2013-Kopia-\u2013-Kopia-\u2013-Kopia-\u2013-Po-prostu-zyje-swoim-najlepszym-zyc_20260325_114403_0000-1229x1536.png 1229w, https:\/\/splotfest.pl\/wp-content\/uploads\/2026\/04\/Kopia-\u2013-Kopia-\u2013-Kopia-\u2013-Kopia-\u2013-Kopia-\u2013-Po-prostu-zyje-swoim-najlepszym-zyc_20260325_114403_0000-1638x2048.png 1638w, https:\/\/splotfest.pl\/wp-content\/uploads\/2026\/04\/Kopia-\u2013-Kopia-\u2013-Kopia-\u2013-Kopia-\u2013-Kopia-\u2013-Po-prostu-zyje-swoim-najlepszym-zyc_20260325_114403_0000-scaled.png 2048w\" sizes=\"auto, (max-width: 819px) 100vw, 819px\" \/><\/figure>\n\n\n\n<p>Zapraszamy na bezp\u0142atne warsztaty na Splotfe\u015bcie, gdzie dziewczyny z<strong> <a href=\"https:\/\/www.facebook.com\/profile.php?id=61556563085788&amp;__cft__[0]=AZZHqpVyUc5eQY9_X9-U9O8SvKlCjea0q-zIlZfnGFoVPua5ZYb7GBfd61uBJh32iKZ2ocUnWk7DuLGVbSXjahxjh-oyX8vMia89fze51P8CWjWnNSkKEmy9lSpJQ-VLImnK8nLfpmF7vEH-syBh6wa8DVryV_8wdtUz9G7NYydbxg&amp;__tn__=-]K-R\">Kr\u0105g Kobiet z Pasj\u0105<\/a><\/strong> poka\u017c\u0105 Ci wszystko krok po kroku.<\/p>\n\n\n\n<p>Najm\u0142odsi te\u017c znajd\u0105 co\u015b dla siebie.<\/p>\n\n\n\n<p>Pod okiem prowadz\u0105cych b\u0119d\u0105 mogli zrobi\u0107 uroczego kotka na podstawie wzoru<strong> <a href=\"https:\/\/www.facebook.com\/cherrytreeworkshop?__cft__[0]=AZZHqpVyUc5eQY9_X9-U9O8SvKlCjea0q-zIlZfnGFoVPua5ZYb7GBfd61uBJh32iKZ2ocUnWk7DuLGVbSXjahxjh-oyX8vMia89fze51P8CWjWnNSkKEmy9lSpJQ-VLImnK8nLfpmF7vEH-syBh6wa8DVryV_8wdtUz9G7NYydbxg&amp;__tn__=-]K-R\">Cherry Tree Workshop<\/a><\/strong>.<\/p>\n\n\n\n<p><strong>Warsztaty otwarte:<\/strong><\/p>\n\n\n\n<p><strong>11:30 &#8211; 12:30<\/strong><\/p>\n\n\n\n<p><strong>13:30 &#8211; 14:30<\/strong><\/p>\n\n\n\n<p>Dzi\u0119ki naszym sponsorom materia\u0142\u00f3w <a href=\"https:\/\/www.facebook.com\/4nitkipl?__cft__[0]=AZZHqpVyUc5eQY9_X9-U9O8SvKlCjea0q-zIlZfnGFoVPua5ZYb7GBfd61uBJh32iKZ2ocUnWk7DuLGVbSXjahxjh-oyX8vMia89fze51P8CWjWnNSkKEmy9lSpJQ-VLImnK8nLfpmF7vEH-syBh6wa8DVryV_8wdtUz9G7NYydbxg&amp;__tn__=-]K-R\"><strong>4nitki.pl<\/strong><\/a> i <a href=\"https:\/\/miladruciarnia.pl\/\" data-type=\"link\" data-id=\"https:\/\/miladruciarnia.pl\/\" target=\"_blank\" rel=\"noreferrer noopener\"><strong>MILA Druciarnia<\/strong><\/a> jedyne, czego potrzebujesz, to ch\u0119ci.<\/p>\n\n\n\n<p>Wz\u00f3r Magnolia opracowa\u0142a <strong><a href=\"https:\/\/yagayaga.pl\/pl\/\" data-type=\"link\" data-id=\"https:\/\/yagayaga.pl\/pl\/\" target=\"_blank\" rel=\"noreferrer noopener\">Yaga Yaga Handmade<\/a><\/strong><\/p>\n\n\n\n<p><\/p>\n\n\n\n<p>Wydarzenie powstaje we wsp\u00f3\u0142pracy z <a href=\"https:\/\/www.facebook.com\/PalacKulturyZaglebia?__cft__[0]=AZZHqpVyUc5eQY9_X9-U9O8SvKlCjea0q-zIlZfnGFoVPua5ZYb7GBfd61uBJh32iKZ2ocUnWk7DuLGVbSXjahxjh-oyX8vMia89fze51P8CWjWnNSkKEmy9lSpJQ-VLImnK8nLfpmF7vEH-syBh6wa8DVryV_8wdtUz9G7NYydbxg&amp;__tn__=-]K-R\"><strong>Pa\u0142ac Kultury Zag\u0142\u0119bia<\/strong><\/a> oraz jest obj\u0119te honorowym patronatem prezydenta miasta i wsp\u00f3\u0142finansowane przez <a href=\"https:\/\/www.facebook.com\/MiastoDabrowaGornicza?__cft__[0]=AZZHqpVyUc5eQY9_X9-U9O8SvKlCjea0q-zIlZfnGFoVPua5ZYb7GBfd61uBJh32iKZ2ocUnWk7DuLGVbSXjahxjh-oyX8vMia89fze51P8CWjWnNSkKEmy9lSpJQ-VLImnK8nLfpmF7vEH-syBh6wa8DVryV_8wdtUz9G7NYydbxg&amp;__tn__=-]K-R\"><strong>Miasto D\u0105browa G\u00f3rnicza<\/strong><\/a><\/p>\n\n\n\n<p><\/p>\n","protected":false},"excerpt":{"rendered":"<p>Zapraszamy na bezp\u0142atne warsztaty na Splotfe\u015bcie, gdzie dziewczyny z Kr\u0105g Kobiet z Pasj\u0105 poka\u017c\u0105 Ci wszystko krok po kroku. Najm\u0142odsi te\u017c znajd\u0105 co\u015b dla siebie. Pod okiem prowadz\u0105cych b\u0119d\u0105 mogli zrobi\u0107 uroczego kotka na podstawie wzoru Cherry Tree Workshop. Warsztaty otwarte: 11:30 &#8211; 12:30 13:30 &#8211; 14:30 Dzi\u0119ki naszym sponsorom materia\u0142\u00f3w 4nitki.pl i MILA Druciarnia [&hellip;]<\/p>\n","protected":false},"author":1,"featured_media":0,"parent":0,"menu_order":0,"comment_status":"closed","ping_status":"closed","template":"","meta":{"footnotes":""},"class_list":["post-498","page","type-page","status-publish","hentry"],"_links":{"self":[{"href":"https:\/\/splotfest.pl\/index.php?rest_route=\/wp\/v2\/pages\/498","targetHints":{"allow":["GET"]}}],"collection":[{"href":"https:\/\/splotfest.pl\/index.php?rest_route=\/wp\/v2\/pages"}],"about":[{"href":"https:\/\/splotfest.pl\/index.php?rest_route=\/wp\/v2\/types\/page"}],"author":[{"embeddable":true,"href":"https:\/\/splotfest.pl\/index.php?rest_route=\/wp\/v2\/users\/1"}],"replies":[{"embeddable":true,"href":"https:\/\/splotfest.pl\/index.php?rest_route=%2Fwp%2Fv2%2Fcomments&post=498"}],"version-history":[{"count":2,"href":"https:\/\/splotfest.pl\/index.php?rest_route=\/wp\/v2\/pages\/498\/revisions"}],"predecessor-version":[{"id":943,"href":"https:\/\/splotfest.pl\/index.php?rest_route=\/wp\/v2\/pages\/498\/revisions\/943"}],"wp:attachment":[{"href":"https:\/\/splotfest.pl\/index.php?rest_route=%2Fwp%2Fv2%2Fmedia&parent=498"}],"curies":[{"name":"wp","href":"https:\/\/api.w.org\/{rel}","templated":true}]}}